{"id":16,"date":"2015-04-23T00:09:24","date_gmt":"2015-04-22T22:09:24","guid":{"rendered":"http:\/\/www.kematergartl.at\/?page_id=16"},"modified":"2025-12-14T16:17:54","modified_gmt":"2025-12-14T15:17:54","slug":"startseite","status":"publish","type":"page","link":"https:\/\/www.kematergartl.at\/","title":{"rendered":"Herzlich willkommen im Kematergartl !"},"content":{"rendered":"<p>\n\n\n<div class=\"wp-block-group\"><div class=\"wp-block-group__inner-container is-layout-flow wp-block-group-is-layout-flow\">\n<\/p>\n<h2>Gemeinsam s\u00e4en, gemeinsam ernten<\/h2>\n<p>Im Kemater Gartl pflanzen und ernten ca. 25 Familien, Paare und Einzelpersonen aus Kematen auf einer Fl\u00e4che von 1.500 m\u00b2 Gem\u00fcse, Kr\u00e4uter und Obst. Wir haben uns dem biologischen Gem\u00fcseanbau verschrieben. Jedes Mitglied mietet kosteng\u00fcnstig ein 10 bis 20 m\u00b2 gro\u00dfes Einzelbeet, das es nach eigenem Belieben bewirtschaftet.<\/p>\n<p>Vom Kleinkind bis zum Senioren erleben Menschen aller Altersklassen gemeinsam die Freude an der Gartenarbeit und genie\u00dfen das gesunde, selbstgezogene Gem\u00fcse. Der Austausch von Wissen und Erfahrungen untereinander ist ein wesentlicher Bestandteil des gemeinsamen G\u00e4rtnerns.<\/p>\n<p>Neben den Einzelbeeten gibt es auch gemeinschaftlich genutzte Fl\u00e4chen, auf denen Gem\u00fcse f\u00fcr alle angebaut wird. Auf diesen Fl\u00e4chen werden vor allem viel Platz beanspruchende Pflanzen wie Zucchini, K\u00fcrbis und Kartoffeln gezogen. Im Tomatenhaus kann jeder Gemeinschaftsg\u00e4rtner seine eigenen Tomatenpflanzen ansetzen, hegen und ernten. F\u00fcr die richtige W\u00fcrze sorgen die Kr\u00e4uter, die wir in der Kr\u00e4uterspirale anbauen. Vom Gemeinschaftsgarten werden Gartenger\u00e4te und die ben\u00f6tigte Infrastruktur (Container f\u00fcr Gartenger\u00e4te, Sitzgelegenheiten, WC, Kompost, Wasser \u2026) zur Verf\u00fcgung gestellt.<\/p>\n<p>Der Gemeinschaftsgarten ist als Verein organisiert und ein Mitglied im <a href=\"https:\/\/gemeinsam-garteln.tirol\/\">Netzwerk der Gemeinschaftsg\u00e4rten<\/a>.<\/p>\n<p>\n<\/div><\/div>\n","protected":false},"excerpt":{"rendered":"<p>Gemeinsam s\u00e4en, gemeinsam ernten Im Kemater Gartl pflanzen und ernten ca. 25 Familien, Paare und Einzelpersonen aus Kematen auf einer Fl\u00e4che von 1.500 m\u00b2 Gem\u00fcse, Kr\u00e4uter und Obst. Wir haben uns dem biologischen Gem\u00fcseanbau verschrieben. Jedes Mitglied mietet kosteng\u00fcnstig ein 10 bis 20 m\u00b2 gro\u00dfes Einzelbeet, das es nach eigenem Belieben bewirtschaftet. Vom Kleinkind bis &hellip; <\/p>\n<p><a class=\"more-link btn\" href=\"https:\/\/www.kematergartl.at\/\">Weiterlesen<\/a><\/p>\n","protected":false},"author":1,"featured_media":0,"parent":0,"menu_order":0,"comment_status":"closed","ping_status":"open","template":"","meta":{"ngg_post_thumbnail":0,"footnotes":""},"class_list":["post-16","page","type-page","status-publish","hentry","nodate","item-wrap"],"_links":{"self":[{"href":"https:\/\/www.kematergartl.at\/index.php?rest_route=\/wp\/v2\/pages\/16","targetHints":{"allow":["GET"]}}],"collection":[{"href":"https:\/\/www.kematergartl.at\/index.php?rest_route=\/wp\/v2\/pages"}],"about":[{"href":"https:\/\/www.kematergartl.at\/index.php?rest_route=\/wp\/v2\/types\/page"}],"author":[{"embeddable":true,"href":"https:\/\/www.kematergartl.at\/index.php?rest_route=\/wp\/v2\/users\/1"}],"replies":[{"embeddable":true,"href":"https:\/\/www.kematergartl.at\/index.php?rest_route=%2Fwp%2Fv2%2Fcomments&post=16"}],"version-history":[{"count":52,"href":"https:\/\/www.kematergartl.at\/index.php?rest_route=\/wp\/v2\/pages\/16\/revisions"}],"predecessor-version":[{"id":59901,"href":"https:\/\/www.kematergartl.at\/index.php?rest_route=\/wp\/v2\/pages\/16\/revisions\/59901"}],"wp:attachment":[{"href":"https:\/\/www.kematergartl.at\/index.php?rest_route=%2Fwp%2Fv2%2Fmedia&parent=16"}],"curies":[{"name":"wp","href":"https:\/\/api.w.org\/{rel}","templated":true}]}}