{"id":199,"date":"2015-04-25T23:02:50","date_gmt":"2015-04-25T21:02:50","guid":{"rendered":"http:\/\/www.kematergartl.at\/?page_id=199"},"modified":"2015-04-25T23:09:34","modified_gmt":"2015-04-25T21:09:34","slug":"einrichtung","status":"publish","type":"page","link":"https:\/\/www.kematergartl.at\/?page_id=199","title":{"rendered":"Einrichtung"},"content":{"rendered":"<p>\t<div class=\"ngg-albumoverview default-view\">\n\t\t\t\t\t<div class=\"ngg-album-compact\">\n\t\t\t\t<div class=\"ngg-album-compactbox\">\n\t\t\t\t\t<div class=\"ngg-album-link\">\n\t\t\t\t\t\t\t\t\t\t\t\t\t\t\t\t\t\t\t\t\t<a title='R\u00e4umung Bahnhofs- garten' href='https:\/\/www.kematergartl.at\/index.php\/nggallery\/enstehung\/raeumung-bahnhofsgarten?page_id=199'>\n\t\t\t\t\t\t\t\t\t<img class=\"Thumb\"\n\t\t\t\t\t\t\t\t\t\talt=\"R\u00e4umung Bahnhofs- garten\"\n\t\t\t\t\t\t\t\t\t\tsrc=\"https:\/\/www.kematergartl.at\/wp-content\/gallery\/raeumung-bahnhofsgarten\/cache\/bhf.jpg-nggid0280-ngg0dyn-91x68-00f0w010c011r110f110r010t010.jpg\"\/>\n\t\t\t\t\t\t\t\t<\/a>\n\t\t\t\t\t\t\t\t\t\t\t\t\t\t\t\t\t\t<\/div>\n\t\t\t\t<\/div>\n\t\t\t\t\t\t\t\t<h4>\n\t\t\t\t\t<a class='ngg-album-desc'\n\t\t\t\t\ttitle='R\u00e4umung Bahnhofs- garten' href='https:\/\/www.kematergartl.at\/index.php\/nggallery\/enstehung\/raeumung-bahnhofsgarten?page_id=199'style=\"max-width: 111px\"\t\t\t\t\t>\n\t\t\t\t\t\tR\u00e4umung Bahnhofs- garten\t\t\t\t\t<\/a>\n\t\t\t\t<\/h4>\n\t\t\t\t<p class=\"ngg-album-gallery-image-counter\">\n\t\t\t\t\t\t\t\t\t\t\t<strong>10<\/strong>&nbsp;Fotos\t\t\t\t\t\t\t\t\t<\/p>\n\t\t\t<\/div>\n\t\t\t\t\t<div class=\"ngg-album-compact\">\n\t\t\t\t<div class=\"ngg-album-compactbox\">\n\t\t\t\t\t<div class=\"ngg-album-link\">\n\t\t\t\t\t\t\t\t\t\t\t\t\t\t\t\t\t\t\t\t\t<a title='Sturmsch\u00e4den durch &quot;Niklas&quot;' href='https:\/\/www.kematergartl.at\/index.php\/nggallery\/enstehung\/sturmschaeden-durch-niklas?page_id=199'>\n\t\t\t\t\t\t\t\t\t<img class=\"Thumb\"\n\t\t\t\t\t\t\t\t\t\talt=\"Sturmsch\u00e4den durch &quot;Niklas&quot;\"\n\t\t\t\t\t\t\t\t\t\tsrc=\"https:\/\/www.kematergartl.at\/wp-content\/gallery\/sturmschaeden-durch-niklas\/cache\/0d404afd631d2f560ad4eae4e6028ddb.jpg-nggid0212-ngg0dyn-91x68-00f0w010c011r110f110r010t010.jpg\"\/>\n\t\t\t\t\t\t\t\t<\/a>\n\t\t\t\t\t\t\t\t\t\t\t\t\t\t\t\t\t\t<\/div>\n\t\t\t\t<\/div>\n\t\t\t\t\t\t\t\t<h4>\n\t\t\t\t\t<a class='ngg-album-desc'\n\t\t\t\t\ttitle='Sturmsch\u00e4den durch &quot;Niklas&quot;' href='https:\/\/www.kematergartl.at\/index.php\/nggallery\/enstehung\/sturmschaeden-durch-niklas?page_id=199'style=\"max-width: 111px\"\t\t\t\t\t>\n\t\t\t\t\t\tSturmsch\u00e4den durch \"Niklas\"\t\t\t\t\t<\/a>\n\t\t\t\t<\/h4>\n\t\t\t\t<p class=\"ngg-album-gallery-image-counter\">\n\t\t\t\t\t\t\t\t\t\t\t<strong>4<\/strong>&nbsp;Fotos\t\t\t\t\t\t\t\t\t<\/p>\n\t\t\t<\/div>\n\t\t\t\t\t<div class=\"ngg-album-compact\">\n\t\t\t\t<div class=\"ngg-album-compactbox\">\n\t\t\t\t\t<div class=\"ngg-album-link\">\n\t\t\t\t\t\t\t\t\t\t\t\t\t\t\t\t\t\t\t\t\t<a title='Erste Gartenarbeiten' href='https:\/\/www.kematergartl.at\/index.php\/nggallery\/enstehung\/erste-gartenarbeiten?page_id=199'>\n\t\t\t\t\t\t\t\t\t<img class=\"Thumb\"\n\t\t\t\t\t\t\t\t\t\talt=\"Erste Gartenarbeiten\"\n\t\t\t\t\t\t\t\t\t\tsrc=\"https:\/\/www.kematergartl.at\/wp-content\/gallery\/erste-gartenarbeiten\/cache\/bc434d78247812ae68e626dbb1bae6e0.jpg-nggid0234-ngg0dyn-91x68-00f0w010c011r110f110r010t010.jpg\"\/>\n\t\t\t\t\t\t\t\t<\/a>\n\t\t\t\t\t\t\t\t\t\t\t\t\t\t\t\t\t\t<\/div>\n\t\t\t\t<\/div>\n\t\t\t\t\t\t\t\t<h4>\n\t\t\t\t\t<a class='ngg-album-desc'\n\t\t\t\t\ttitle='Erste Gartenarbeiten' href='https:\/\/www.kematergartl.at\/index.php\/nggallery\/enstehung\/erste-gartenarbeiten?page_id=199'style=\"max-width: 111px\"\t\t\t\t\t>\n\t\t\t\t\t\tErste Gartenarbeiten\t\t\t\t\t<\/a>\n\t\t\t\t<\/h4>\n\t\t\t\t<p class=\"ngg-album-gallery-image-counter\">\n\t\t\t\t\t\t\t\t\t\t\t<strong>23<\/strong>&nbsp;Fotos\t\t\t\t\t\t\t\t\t<\/p>\n\t\t\t<\/div>\n\t\t\t\t\t<div class=\"ngg-album-compact\">\n\t\t\t\t<div class=\"ngg-album-compactbox\">\n\t\t\t\t\t<div class=\"ngg-album-link\">\n\t\t\t\t\t\t\t\t\t\t\t\t\t\t\t\t\t\t\t\t\t<a title='Container kommt' href='https:\/\/www.kematergartl.at\/index.php\/nggallery\/enstehung\/container-kommt?page_id=199'>\n\t\t\t\t\t\t\t\t\t<img class=\"Thumb\"\n\t\t\t\t\t\t\t\t\t\talt=\"Container kommt\"\n\t\t\t\t\t\t\t\t\t\tsrc=\"https:\/\/www.kematergartl.at\/wp-content\/gallery\/container-kommt\/cache\/839525e480fc107907ed271902ae05d1.jpg-nggid0236-ngg0dyn-91x68-00f0w010c011r110f110r010t010.jpg\"\/>\n\t\t\t\t\t\t\t\t<\/a>\n\t\t\t\t\t\t\t\t\t\t\t\t\t\t\t\t\t\t<\/div>\n\t\t\t\t<\/div>\n\t\t\t\t\t\t\t\t<h4>\n\t\t\t\t\t<a class='ngg-album-desc'\n\t\t\t\t\ttitle='Container kommt' href='https:\/\/www.kematergartl.at\/index.php\/nggallery\/enstehung\/container-kommt?page_id=199'style=\"max-width: 111px\"\t\t\t\t\t>\n\t\t\t\t\t\tContainer kommt\t\t\t\t\t<\/a>\n\t\t\t\t<\/h4>\n\t\t\t\t<p class=\"ngg-album-gallery-image-counter\">\n\t\t\t\t\t\t\t\t\t\t\t<strong>5<\/strong>&nbsp;Fotos\t\t\t\t\t\t\t\t\t<\/p>\n\t\t\t<\/div>\n\t\t\t\t\t<div class=\"ngg-album-compact\">\n\t\t\t\t<div class=\"ngg-album-compactbox\">\n\t\t\t\t\t<div class=\"ngg-album-link\">\n\t\t\t\t\t\t\t\t\t\t\t\t\t\t\t\t\t\t\t\t\t<a title='Entstehung H\u00fcgelbeet' href='https:\/\/www.kematergartl.at\/index.php\/nggallery\/enstehung\/entstehung-huegelbeet?page_id=199'>\n\t\t\t\t\t\t\t\t\t<img class=\"Thumb\"\n\t\t\t\t\t\t\t\t\t\talt=\"Entstehung H\u00fcgelbeet\"\n\t\t\t\t\t\t\t\t\t\tsrc=\"https:\/\/www.kematergartl.at\/wp-content\/gallery\/entstehung-huegelbeet\/cache\/2015-04-24-19-28-38.JPG-nggid0244-ngg0dyn-91x68-00f0w010c011r110f110r010t010.JPG\"\/>\n\t\t\t\t\t\t\t\t<\/a>\n\t\t\t\t\t\t\t\t\t\t\t\t\t\t\t\t\t\t<\/div>\n\t\t\t\t<\/div>\n\t\t\t\t\t\t\t\t<h4>\n\t\t\t\t\t<a class='ngg-album-desc'\n\t\t\t\t\ttitle='Entstehung H\u00fcgelbeet' href='https:\/\/www.kematergartl.at\/index.php\/nggallery\/enstehung\/entstehung-huegelbeet?page_id=199'style=\"max-width: 111px\"\t\t\t\t\t>\n\t\t\t\t\t\tEntstehung H\u00fcgelbeet\t\t\t\t\t<\/a>\n\t\t\t\t<\/h4>\n\t\t\t\t<p class=\"ngg-album-gallery-image-counter\">\n\t\t\t\t\t\t\t\t\t\t\t<strong>13<\/strong>&nbsp;Fotos\t\t\t\t\t\t\t\t\t<\/p>\n\t\t\t<\/div>\n\t\t\t\t\t<div class=\"ngg-album-compact\">\n\t\t\t\t<div class=\"ngg-album-compactbox\">\n\t\t\t\t\t<div class=\"ngg-album-link\">\n\t\t\t\t\t\t\t\t\t\t\t\t\t\t\t\t\t\t\t\t\t<a title='Entstehung Tomatenhaus' href='https:\/\/www.kematergartl.at\/index.php\/nggallery\/enstehung\/entstehung-tomatenhaus?page_id=199'>\n\t\t\t\t\t\t\t\t\t<img class=\"Thumb\"\n\t\t\t\t\t\t\t\t\t\talt=\"Entstehung Tomatenhaus\"\n\t\t\t\t\t\t\t\t\t\tsrc=\"https:\/\/www.kematergartl.at\/wp-content\/gallery\/entstehung-tomatenhaus\/cache\/c340b1494c9c3c7da8d2b44458cc793a.jpg-nggid0249-ngg0dyn-91x68-00f0w010c011r110f110r010t010.jpg\"\/>\n\t\t\t\t\t\t\t\t<\/a>\n\t\t\t\t\t\t\t\t\t\t\t\t\t\t\t\t\t\t<\/div>\n\t\t\t\t<\/div>\n\t\t\t\t\t\t\t\t<h4>\n\t\t\t\t\t<a class='ngg-album-desc'\n\t\t\t\t\ttitle='Entstehung Tomatenhaus' href='https:\/\/www.kematergartl.at\/index.php\/nggallery\/enstehung\/entstehung-tomatenhaus?page_id=199'style=\"max-width: 111px\"\t\t\t\t\t>\n\t\t\t\t\t\tEntstehung Tomatenhaus\t\t\t\t\t<\/a>\n\t\t\t\t<\/h4>\n\t\t\t\t<p class=\"ngg-album-gallery-image-counter\">\n\t\t\t\t\t\t\t\t\t\t\t<strong>4<\/strong>&nbsp;Fotos\t\t\t\t\t\t\t\t\t<\/p>\n\t\t\t<\/div>\n\t\t\t\t\t<div class=\"ngg-album-compact\">\n\t\t\t\t<div class=\"ngg-album-compactbox\">\n\t\t\t\t\t<div class=\"ngg-album-link\">\n\t\t\t\t\t\t\t\t\t\t\t\t\t\t\t\t\t\t\t\t\t<a title='Kr\u00e4uterschnecke' href='https:\/\/www.kematergartl.at\/index.php\/nggallery\/enstehung\/kraeuterschnecke?page_id=199'>\n\t\t\t\t\t\t\t\t\t<img class=\"Thumb\"\n\t\t\t\t\t\t\t\t\t\talt=\"Kr\u00e4uterschnecke\"\n\t\t\t\t\t\t\t\t\t\tsrc=\"https:\/\/www.kematergartl.at\/wp-content\/gallery\/kraeuterschnecke\/cache\/2015-05-01-13-37-16.JPG-nggid0273-ngg0dyn-91x68-00f0w010c011r110f110r010t010.JPG\"\/>\n\t\t\t\t\t\t\t\t<\/a>\n\t\t\t\t\t\t\t\t\t\t\t\t\t\t\t\t\t\t<\/div>\n\t\t\t\t<\/div>\n\t\t\t\t\t\t\t\t<h4>\n\t\t\t\t\t<a class='ngg-album-desc'\n\t\t\t\t\ttitle='Kr\u00e4uterschnecke' href='https:\/\/www.kematergartl.at\/index.php\/nggallery\/enstehung\/kraeuterschnecke?page_id=199'style=\"max-width: 111px\"\t\t\t\t\t>\n\t\t\t\t\t\tKr\u00e4uterschnecke\t\t\t\t\t<\/a>\n\t\t\t\t<\/h4>\n\t\t\t\t<p class=\"ngg-album-gallery-image-counter\">\n\t\t\t\t\t\t\t\t\t\t\t<strong>10<\/strong>&nbsp;Fotos\t\t\t\t\t\t\t\t\t<\/p>\n\t\t\t<\/div>\n\t\t\t\t\t<div class=\"ngg-album-compact\">\n\t\t\t\t<div class=\"ngg-album-compactbox\">\n\t\t\t\t\t<div class=\"ngg-album-link\">\n\t\t\t\t\t\t\t\t\t\t\t\t\t\t\t\t\t\t\t\t\t<a title='Stilles \u00d6rtchen' href='https:\/\/www.kematergartl.at\/index.php\/nggallery\/enstehung\/stilles-oertchen?page_id=199'>\n\t\t\t\t\t\t\t\t\t<img class=\"Thumb\"\n\t\t\t\t\t\t\t\t\t\talt=\"Stilles \u00d6rtchen\"\n\t\t\t\t\t\t\t\t\t\tsrc=\"https:\/\/www.kematergartl.at\/wp-content\/gallery\/stilles-oertchen\/cache\/94f2bd72dd9e8cf5ba09e460d4ba33e3.jpg-nggid0278-ngg0dyn-91x68-00f0w010c011r110f110r010t010.jpg\"\/>\n\t\t\t\t\t\t\t\t<\/a>\n\t\t\t\t\t\t\t\t\t\t\t\t\t\t\t\t\t\t<\/div>\n\t\t\t\t<\/div>\n\t\t\t\t\t\t\t\t<h4>\n\t\t\t\t\t<a class='ngg-album-desc'\n\t\t\t\t\ttitle='Stilles \u00d6rtchen' href='https:\/\/www.kematergartl.at\/index.php\/nggallery\/enstehung\/stilles-oertchen?page_id=199'style=\"max-width: 111px\"\t\t\t\t\t>\n\t\t\t\t\t\tStilles \u00d6rtchen\t\t\t\t\t<\/a>\n\t\t\t\t<\/h4>\n\t\t\t\t<p class=\"ngg-album-gallery-image-counter\">\n\t\t\t\t\t\t\t\t\t\t\t<strong>11<\/strong>&nbsp;Fotos\t\t\t\t\t\t\t\t\t<\/p>\n\t\t\t<\/div>\n\t\t\t\t\t<div class=\"ngg-album-compact\">\n\t\t\t\t<div class=\"ngg-album-compactbox\">\n\t\t\t\t\t<div class=\"ngg-album-link\">\n\t\t\t\t\t\t\t\t\t\t\t\t\t\t\t\t\t\t\t\t\t<a title='Langsam wirds gr\u00fcn...' href='https:\/\/www.kematergartl.at\/index.php\/nggallery\/enstehung\/langsam-wirds-gruen?page_id=199'>\n\t\t\t\t\t\t\t\t\t<img class=\"Thumb\"\n\t\t\t\t\t\t\t\t\t\talt=\"Langsam wirds gr\u00fcn...\"\n\t\t\t\t\t\t\t\t\t\tsrc=\"https:\/\/www.kematergartl.at\/wp-content\/gallery\/langsam-wirds-gruen\/cache\/2015-05-24-19-47-00_Bildgr%C3%B6%C3%9Fe-%C3%A4ndern.JPG-nggid0282-ngg0dyn-91x68-00f0w010c011r110f110r010t010.JPG\"\/>\n\t\t\t\t\t\t\t\t<\/a>\n\t\t\t\t\t\t\t\t\t\t\t\t\t\t\t\t\t\t<\/div>\n\t\t\t\t<\/div>\n\t\t\t\t\t\t\t\t<h4>\n\t\t\t\t\t<a class='ngg-album-desc'\n\t\t\t\t\ttitle='Langsam wirds gr\u00fcn...' href='https:\/\/www.kematergartl.at\/index.php\/nggallery\/enstehung\/langsam-wirds-gruen?page_id=199'style=\"max-width: 111px\"\t\t\t\t\t>\n\t\t\t\t\t\tLangsam wirds gr\u00fcn...\t\t\t\t\t<\/a>\n\t\t\t\t<\/h4>\n\t\t\t\t<p class=\"ngg-album-gallery-image-counter\">\n\t\t\t\t\t\t\t\t\t\t\t<strong>16<\/strong>&nbsp;Fotos\t\t\t\t\t\t\t\t\t<\/p>\n\t\t\t<\/div>\n\t\t\t\t<br class=\"ngg-clear\"\/>\n\t\t<div class='ngg-clear'><\/div>\t<\/div>\n<\/p>\n","protected":false},"excerpt":{"rendered":"<p>R\u00e4umung Bahnhofs- garten 10&nbsp;Fotos Sturmsch\u00e4den durch &#8222;Niklas&#8220; 4&nbsp;Fotos Erste Gartenarbeiten 23&nbsp;Fotos Container kommt 5&nbsp;Fotos Entstehung H\u00fcgelbeet 13&nbsp;Fotos Entstehung Tomatenhaus 4&nbsp;Fotos Kr\u00e4uterschnecke 10&nbsp;Fotos Stilles \u00d6rtchen 11&nbsp;Fotos Langsam wirds gr\u00fcn&#8230; 16&nbsp;Fotos<\/p>\n","protected":false},"author":1,"featured_media":0,"parent":0,"menu_order":0,"comment_status":"closed","ping_status":"open","template":"","meta":{"ngg_post_thumbnail":0,"footnotes":""},"class_list":["post-199","page","type-page","status-publish","hentry","nodate","item-wrap"],"_links":{"self":[{"href":"https:\/\/www.kematergartl.at\/index.php?rest_route=\/wp\/v2\/pages\/199","targetHints":{"allow":["GET"]}}],"collection":[{"href":"https:\/\/www.kematergartl.at\/index.php?rest_route=\/wp\/v2\/pages"}],"about":[{"href":"https:\/\/www.kematergartl.at\/index.php?rest_route=\/wp\/v2\/types\/page"}],"author":[{"embeddable":true,"href":"https:\/\/www.kematergartl.at\/index.php?rest_route=\/wp\/v2\/users\/1"}],"replies":[{"embeddable":true,"href":"https:\/\/www.kematergartl.at\/index.php?rest_route=%2Fwp%2Fv2%2Fcomments&post=199"}],"version-history":[{"count":4,"href":"https:\/\/www.kematergartl.at\/index.php?rest_route=\/wp\/v2\/pages\/199\/revisions"}],"predecessor-version":[{"id":59904,"href":"https:\/\/www.kematergartl.at\/index.php?rest_route=\/wp\/v2\/pages\/199\/revisions\/59904"}],"wp:attachment":[{"href":"https:\/\/www.kematergartl.at\/index.php?rest_route=%2Fwp%2Fv2%2Fmedia&parent=199"}],"curies":[{"name":"wp","href":"https:\/\/api.w.org\/{rel}","templated":true}]}}