{"id":20,"date":"2015-04-22T21:31:12","date_gmt":"2015-04-22T19:31:12","guid":{"rendered":"http:\/\/www.kematergartl.at\/?page_id=20"},"modified":"2015-06-16T22:58:13","modified_gmt":"2015-06-16T20:58:13","slug":"entstehung","status":"publish","type":"page","link":"https:\/\/www.kematergartl.at\/?page_id=20","title":{"rendered":"Entstehung"},"content":{"rendered":"<h2><span style=\"color: #56a110;\">Das Wachsen des Gemeinschaftsgartens Kemater Gartl<\/span><\/h2>\n<p>Der Gemeinschaftsgarten Kematen ist aus einem B\u00fcrgerbeteiligungsprojekt, das die Gemeinde Kematen im Rahmen der <a href=\"https:\/\/www.tirol.gv.at\/landwirtschaft-forstwirtschaft\/agrar\/dorferneuerung-tirol\/la21\/\" target=\"_blank\">Agenda 21 <\/a>durchf\u00fchrte, entstanden. Im Zuge einer Ideensammlung zur Zukunftsgestaltung der Gemeinde in der Bev\u00f6lkerung wurde der Wunsch nach einem Gemeinschaftsgarten immer wieder laut. Schlie\u00dflich wurde eine Arbeitsgruppe unter der Leitung von Mag. Marion Amort gebildet, die sich dem Projekt \u201eGenerationengarten\u201c widmete und den Gemeinschaftsgarten am <a href=\"http:\/\/goo.gl\/maps\/tcfku\" target=\"_blank\">s\u00fcdlichen Gel\u00e4nde<\/a> der <a href=\"http:\/\/hblakematen.tsn.at\/\" target=\"_blank\">HBLA Kematen <\/a>verwirklichte. <span style=\"color: #000000;\">Der Gemeinschaftsgarten wurde Kemater Gartl benannt und im Juni 2015 feierlich er\u00f6ffnet.<\/span><\/p>\n<p><img loading=\"lazy\" decoding=\"async\" class=\" size-full wp-image-89 alignright\" src=\"http:\/\/www.kematergartl.at\/wp-content\/uploads\/2015\/04\/agenda_sm.jpeg\" alt=\"agenda_sm\" width=\"100\" height=\"100\" \/><\/p>\n<p><a href=\"http:\/\/www.kematergartl.at\/wp-content\/uploads\/2015\/04\/zukunftstraum.png\"><img loading=\"lazy\" decoding=\"async\" class=\"alignnone size-full wp-image-88\" src=\"http:\/\/www.kematergartl.at\/wp-content\/uploads\/2015\/04\/zukunftstraum.png\" alt=\"zukunftstraum\" width=\"340\" height=\"62\" srcset=\"https:\/\/www.kematergartl.at\/wp-content\/uploads\/2015\/04\/zukunftstraum.png 340w, https:\/\/www.kematergartl.at\/wp-content\/uploads\/2015\/04\/zukunftstraum-300x55.png 300w\" sizes=\"auto, (max-width: 340px) 100vw, 340px\" \/><\/a><\/p>\n<p>&nbsp;<\/p>\n","protected":false},"excerpt":{"rendered":"<p>Das Wachsen des Gemeinschaftsgartens Kemater Gartl Der Gemeinschaftsgarten Kematen ist aus einem B\u00fcrgerbeteiligungsprojekt, das die Gemeinde Kematen im Rahmen der Agenda 21 durchf\u00fchrte, entstanden. Im Zuge einer Ideensammlung zur Zukunftsgestaltung der Gemeinde in der Bev\u00f6lkerung wurde der Wunsch nach einem Gemeinschaftsgarten immer wieder laut. Schlie\u00dflich wurde eine Arbeitsgruppe unter der Leitung von Mag. Marion Amort &hellip; <\/p>\n<p><a class=\"more-link btn\" href=\"https:\/\/www.kematergartl.at\/?page_id=20\">Weiterlesen<\/a><\/p>\n","protected":false},"author":1,"featured_media":0,"parent":18,"menu_order":0,"comment_status":"closed","ping_status":"open","template":"","meta":{"ngg_post_thumbnail":0,"footnotes":""},"class_list":["post-20","page","type-page","status-publish","hentry","nodate","item-wrap"],"_links":{"self":[{"href":"https:\/\/www.kematergartl.at\/index.php?rest_route=\/wp\/v2\/pages\/20","targetHints":{"allow":["GET"]}}],"collection":[{"href":"https:\/\/www.kematergartl.at\/index.php?rest_route=\/wp\/v2\/pages"}],"about":[{"href":"https:\/\/www.kematergartl.at\/index.php?rest_route=\/wp\/v2\/types\/page"}],"author":[{"embeddable":true,"href":"https:\/\/www.kematergartl.at\/index.php?rest_route=\/wp\/v2\/users\/1"}],"replies":[{"embeddable":true,"href":"https:\/\/www.kematergartl.at\/index.php?rest_route=%2Fwp%2Fv2%2Fcomments&post=20"}],"version-history":[{"count":8,"href":"https:\/\/www.kematergartl.at\/index.php?rest_route=\/wp\/v2\/pages\/20\/revisions"}],"predecessor-version":[{"id":445,"href":"https:\/\/www.kematergartl.at\/index.php?rest_route=\/wp\/v2\/pages\/20\/revisions\/445"}],"up":[{"embeddable":true,"href":"https:\/\/www.kematergartl.at\/index.php?rest_route=\/wp\/v2\/pages\/18"}],"wp:attachment":[{"href":"https:\/\/www.kematergartl.at\/index.php?rest_route=%2Fwp%2Fv2%2Fmedia&parent=20"}],"curies":[{"name":"wp","href":"https:\/\/api.w.org\/{rel}","templated":true}]}}