{"id":43,"date":"2015-04-22T21:48:54","date_gmt":"2015-04-22T19:48:54","guid":{"rendered":"http:\/\/www.kematergartl.at\/?page_id=43"},"modified":"2017-08-30T21:47:04","modified_gmt":"2017-08-30T19:47:04","slug":"sponsoren","status":"publish","type":"page","link":"https:\/\/www.kematergartl.at\/?page_id=43","title":{"rendered":"F\u00f6rderer"},"content":{"rendered":"<h2><span style=\"color: #56a110;\">Unterst\u00fctzung, die Fr\u00fcchte tr\u00e4gt<\/span><\/h2>\n<p>Damit die Idee des Gemeinschaftsgartens Fr\u00fcchte tragen konnte, waren wir auf die tatkr\u00e4ftige Unterst\u00fctzung von Sponsoren angewiesen. Denn die Mitgliedsbeitr\u00e4ge und Beetmieten reichten nicht f\u00fcr alle Investitionen aus. Wir sagen daher ein gro\u00dfes DANKE, an alle F\u00f6rderer, die mit Sachspenden und Geldbeitr\u00e4gen wesentlich dazu beigetragen haben, dass das Kemater Gartl erbl\u00fchen konnte.<\/p>\n<p>Da auch weiterhin Anschaffungen get\u00e4tigt werden m\u00fcssen, freuen wir uns \u00fcber jede weitere Unterst\u00fctzung. Alle Sponsoren erhalten eine Werbe\ufb02\u00e4che am Garteneingang und werden auf allen Aussendungen angef\u00fchrt.<\/p>\n<p>Haben Sie Interesse das Kemater Gartl zu f\u00f6rdern, finanziell oder mit Sachspenden rund ums Garteln?<\/p>\n<p>Bitte nehmen Sie mit uns Kontakt auf unter&nbsp;<a href=\"http:\/\/mailto:obfrau@kematergartl.at\">obfrau@kematergartl.at<\/a>&nbsp; &gt;&gt;<a href=\"http:\/\/www.kematergartl.at\/wp-content\/uploads\/2015\/04\/Sponsoring_Kemater_Gartl.pdf\">Informationsmaterial zum Kemater Gartl<\/a>&lt;&lt;<\/p>\n<h3><strong>Unsere F\u00f6rderer:<\/strong><\/h3>\n<p><a href=\"http:\/\/www.blumenpark.at\" rel=\"attachment wp-att-18423\"><img loading=\"lazy\" decoding=\"async\" class=\"alignnone size-full wp-image-18423\" src=\"http:\/\/www.kematergartl.at\/wp-content\/uploads\/2015\/04\/Seidemann.png\" alt=\"Seidemann\" width=\"186\" height=\"92\">&nbsp;&nbsp;<\/a><a href=\"http:\/\/kematenintirol.at\/unsere_gemeinde.html\"><img loading=\"lazy\" decoding=\"async\" class=\"alignnone wp-image-87\" src=\"http:\/\/www.kematergartl.at\/wp-content\/uploads\/2015\/04\/Kematen-300x62.png\" alt=\"Kematen-300x62\" width=\"271\" height=\"56\"><\/a><\/p>\n<p><a href=\"https:\/\/www.tirol.gv.at\/landwirtschaft-forstwirtschaft\/agrar\/dorferneuerung-tirol\/la21\/\"><img loading=\"lazy\" decoding=\"async\" class=\"wp-image-93 alignleft\" src=\"http:\/\/www.kematergartl.at\/wp-content\/uploads\/2015\/04\/logo-land_small.jpg\" alt=\"logo-land_small\" width=\"95\" height=\"97\"><\/a><a href=\"https:\/\/www.tirol.gv.at\/landwirtschaft-forstwirtschaft\/agrar\/dorferneuerung-tirol\/la21\/\"><img loading=\"lazy\" decoding=\"async\" class=\"alignnone size-full wp-image-89\" src=\"http:\/\/www.kematergartl.at\/wp-content\/uploads\/2015\/04\/agenda_sm.jpeg\" alt=\"agenda_sm\" width=\"100\" height=\"100\">&nbsp;&nbsp;&nbsp;&nbsp;&nbsp;<\/a><a href=\"http:\/\/hblakematen.tsn.at\/\"><img loading=\"lazy\" decoding=\"async\" class=\"alignnone wp-image-59221\" src=\"http:\/\/www.kematergartl.at\/wp-content\/uploads\/2015\/04\/HBLFA_Tirol.jpg\" alt=\"\" width=\"297\" height=\"129\" srcset=\"https:\/\/www.kematergartl.at\/wp-content\/uploads\/2015\/04\/HBLFA_Tirol.jpg 673w, https:\/\/www.kematergartl.at\/wp-content\/uploads\/2015\/04\/HBLFA_Tirol-300x130.jpg 300w\" sizes=\"auto, (max-width: 297px) 100vw, 297px\" \/><\/a><\/p>\n<p>&nbsp;<\/p>\n<p>&nbsp;<\/p>\n<p>&nbsp;<\/p>\n","protected":false},"excerpt":{"rendered":"<p>Unterst\u00fctzung, die Fr\u00fcchte tr\u00e4gt Damit die Idee des Gemeinschaftsgartens Fr\u00fcchte tragen konnte, waren wir auf die tatkr\u00e4ftige Unterst\u00fctzung von Sponsoren angewiesen. Denn die Mitgliedsbeitr\u00e4ge und Beetmieten reichten nicht f\u00fcr alle Investitionen aus. Wir sagen daher ein gro\u00dfes DANKE, an alle F\u00f6rderer, die mit Sachspenden und Geldbeitr\u00e4gen wesentlich dazu beigetragen haben, dass das Kemater Gartl erbl\u00fchen &hellip; <\/p>\n<p><a class=\"more-link btn\" href=\"https:\/\/www.kematergartl.at\/?page_id=43\">Weiterlesen<\/a><\/p>\n","protected":false},"author":1,"featured_media":0,"parent":0,"menu_order":0,"comment_status":"closed","ping_status":"open","template":"","meta":{"ngg_post_thumbnail":0,"footnotes":""},"class_list":["post-43","page","type-page","status-publish","hentry","nodate","item-wrap"],"_links":{"self":[{"href":"https:\/\/www.kematergartl.at\/index.php?rest_route=\/wp\/v2\/pages\/43","targetHints":{"allow":["GET"]}}],"collection":[{"href":"https:\/\/www.kematergartl.at\/index.php?rest_route=\/wp\/v2\/pages"}],"about":[{"href":"https:\/\/www.kematergartl.at\/index.php?rest_route=\/wp\/v2\/types\/page"}],"author":[{"embeddable":true,"href":"https:\/\/www.kematergartl.at\/index.php?rest_route=\/wp\/v2\/users\/1"}],"replies":[{"embeddable":true,"href":"https:\/\/www.kematergartl.at\/index.php?rest_route=%2Fwp%2Fv2%2Fcomments&post=43"}],"version-history":[{"count":16,"href":"https:\/\/www.kematergartl.at\/index.php?rest_route=\/wp\/v2\/pages\/43\/revisions"}],"predecessor-version":[{"id":59224,"href":"https:\/\/www.kematergartl.at\/index.php?rest_route=\/wp\/v2\/pages\/43\/revisions\/59224"}],"wp:attachment":[{"href":"https:\/\/www.kematergartl.at\/index.php?rest_route=%2Fwp%2Fv2%2Fmedia&parent=43"}],"curies":[{"name":"wp","href":"https:\/\/api.w.org\/{rel}","templated":true}]}}