{"id":49,"date":"2015-04-22T21:57:28","date_gmt":"2015-04-22T19:57:28","guid":{"rendered":"http:\/\/www.kematergartl.at\/?page_id=49"},"modified":"2021-03-31T15:17:02","modified_gmt":"2021-03-31T13:17:02","slug":"links","status":"publish","type":"page","link":"https:\/\/www.kematergartl.at\/?page_id=49","title":{"rendered":"Links"},"content":{"rendered":"\n<div class=\"wp-block-group\"><div class=\"wp-block-group__inner-container is-layout-flow wp-block-group-is-layout-flow\">\n<p>Mischkultur im Garten &#8211; Wer vertr\u00e4gt sich mit wem auf <a href=\"http:\/\/www.mein-gartenbuch.de\/mischkultur-nachbarschaft\/\" target=\"_blank\" rel=\"noopener noreferrer\">meingartenbuch.de<\/a><\/p>\n<p>Beipflanzung von Kr\u00e4uter und Gem\u00fcste in der Mischkultur <a href=\"http:\/\/www.mein-gartenbuch.de\/mischkultur-beipflanzung\/\" target=\"_blank\" rel=\"noopener noreferrer\">meingartenbuch.de<\/a><\/p>\n<p>Anleitung H\u00fcgelbeet von <a href=\"http:\/\/www.biogartenreich.de\/bio-garten-reich\/g\u00e4rtnern-im-fr\u00fchling\/bau-eines-h\u00fcgelbeetes\/\" target=\"_blank\" rel=\"noopener noreferrer\">biogartenreich.de<\/a><\/p>\n<p>Kartoffelturm von <a href=\"http:\/\/www.krisenvorsorge.com\/der-kartoffelturm\/\" target=\"_blank\" rel=\"noopener noreferrer\">krisenvorsorge.com<\/a><\/p>\n<p>Anleitung Palettenvertikalgarten<a href=\"https:\/\/www.youtube.com\/watch?v=qOadilqJeeg\" target=\"_blank\" rel=\"noopener noreferrer\"> YouTube.com<\/a><\/p>\n<p>Tiroler Gl\u00fcckspilze <a href=\"http:\/\/www.gluckspilze.com\" target=\"_blank\" rel=\"noopener noreferrer\">gluckspilze.com<\/a><\/p>\n<p>Unser Gastgeber: <a href=\"http:\/\/hblakematen.tsn.at\/\" target=\"_blank\" rel=\"noopener noreferrer\">HBLA-Kematen<\/a><\/p>\n<p>Netzwerk der Gemeinschaftsg\u00e4rten in Tirol und S\u00fcdtirol: <a href=\"https:\/\/gemeinsam-garteln.tirol\/\" target=\"_blank\" rel=\"noopener\">gemeinschaftsg\u00e4rten.tirol<\/a><\/p>\n<p>Gartennewsletter Bioland Hof Jeebel: <a href=\"https:\/\/biogartenversand.de\/newsletterarchiv\/info\">Newsletterarchiv<\/a><\/p>\n<p><a href=\"http:\/\/www.kematergartl.at\/wp-content\/uploads\/2021\/03\/code-of-practice-pyrrolizidinalkaloide-Dezember-2019-wie-schuetze-ich-meine-Lebensmittel-vor-PAs.pdf\" target=\"_blank\" rel=\"noopener\">Gef\u00e4hrliche Beikr\u00e4uter<\/a><\/p>\n<\/div><\/div>\n","protected":false},"excerpt":{"rendered":"<p>Mischkultur im Garten &#8211; Wer vertr\u00e4gt sich mit wem auf meingartenbuch.de Beipflanzung von Kr\u00e4uter und Gem\u00fcste in der Mischkultur meingartenbuch.de Anleitung H\u00fcgelbeet von biogartenreich.de Kartoffelturm von krisenvorsorge.com Anleitung Palettenvertikalgarten YouTube.com Tiroler Gl\u00fcckspilze gluckspilze.com Unser Gastgeber: HBLA-Kematen Netzwerk der Gemeinschaftsg\u00e4rten in Tirol und S\u00fcdtirol: gemeinschaftsg\u00e4rten.tirol Gartennewsletter Bioland Hof Jeebel: Newsletterarchiv Gef\u00e4hrliche Beikr\u00e4uter<\/p>\n","protected":false},"author":1,"featured_media":0,"parent":0,"menu_order":0,"comment_status":"closed","ping_status":"open","template":"","meta":{"ngg_post_thumbnail":0,"footnotes":""},"class_list":["post-49","page","type-page","status-publish","hentry","nodate","item-wrap"],"_links":{"self":[{"href":"https:\/\/www.kematergartl.at\/index.php?rest_route=\/wp\/v2\/pages\/49","targetHints":{"allow":["GET"]}}],"collection":[{"href":"https:\/\/www.kematergartl.at\/index.php?rest_route=\/wp\/v2\/pages"}],"about":[{"href":"https:\/\/www.kematergartl.at\/index.php?rest_route=\/wp\/v2\/types\/page"}],"author":[{"embeddable":true,"href":"https:\/\/www.kematergartl.at\/index.php?rest_route=\/wp\/v2\/users\/1"}],"replies":[{"embeddable":true,"href":"https:\/\/www.kematergartl.at\/index.php?rest_route=%2Fwp%2Fv2%2Fcomments&post=49"}],"version-history":[{"count":11,"href":"https:\/\/www.kematergartl.at\/index.php?rest_route=\/wp\/v2\/pages\/49\/revisions"}],"predecessor-version":[{"id":59654,"href":"https:\/\/www.kematergartl.at\/index.php?rest_route=\/wp\/v2\/pages\/49\/revisions\/59654"}],"wp:attachment":[{"href":"https:\/\/www.kematergartl.at\/index.php?rest_route=%2Fwp%2Fv2%2Fmedia&parent=49"}],"curies":[{"name":"wp","href":"https:\/\/api.w.org\/{rel}","templated":true}]}}