{"id":516,"date":"2015-07-02T22:10:33","date_gmt":"2015-07-02T20:10:33","guid":{"rendered":"http:\/\/www.kematergartl.at\/?page_id=516"},"modified":"2015-07-05T11:56:53","modified_gmt":"2015-07-05T09:56:53","slug":"anleitungen-geraete","status":"publish","type":"page","link":"https:\/\/www.kematergartl.at\/?page_id=516","title":{"rendered":"Anleitungen Ger\u00e4te"},"content":{"rendered":"<h2><strong><a href=\"http:\/\/www.kematergartl.at\/wp-content\/uploads\/2015\/07\/biolan.pdf\" target=\"_blank\">Biolan Trockentoilette<\/a><\/strong><\/h2>\n<h4><\/h4>\n<h2><a href=\"https:\/\/assets.einhell.com\/im\/imf\/none\/900_363284\/\"><strong><span id=\"productTitle\" class=\"a-size-large\">E<\/span><span id=\"productTitle\" class=\"a-size-large\">inhell <\/span>Benzin-Rasentrimmer<\/strong><\/a><\/h2>\n<p><strong><span style=\"color: #ff0000;\">Bitte unbedingt die Benzinmischung beachten sonst geht der Motor kaputt!<br \/>\n<\/span><\/strong>Das Benzin ist in dem kleinen wei\u00dfen Beh\u00e4lter gem\u00e4\u00df der <img loading=\"lazy\" decoding=\"async\" class=\"  wp-image-518 alignright\" src=\"http:\/\/www.kematergartl.at\/wp-content\/uploads\/2015\/07\/einhell.jpg\" alt=\"einhell\" width=\"138\" height=\"220\" srcset=\"https:\/\/www.kematergartl.at\/wp-content\/uploads\/2015\/07\/einhell.jpg 255w, https:\/\/www.kematergartl.at\/wp-content\/uploads\/2015\/07\/einhell-188x300.jpg 188w\" sizes=\"auto, (max-width: 138px) 100vw, 138px\" \/>Skala mit dem 2-Takt-\u00d6l zu mischen. Vor dem Betanken Mischbeh\u00e4lter sch\u00fctteln!<a href=\"https:\/\/assets.einhell.com\/im\/imf\/none\/900_363284\/\"><\/a><\/p>\n","protected":false},"excerpt":{"rendered":"<p>Biolan Trockentoilette Einhell Benzin-Rasentrimmer Bitte unbedingt die Benzinmischung beachten sonst geht der Motor kaputt! Das Benzin ist in dem kleinen wei\u00dfen Beh\u00e4lter gem\u00e4\u00df der Skala mit dem 2-Takt-\u00d6l zu mischen. Vor dem Betanken Mischbeh\u00e4lter sch\u00fctteln!<\/p>\n","protected":false},"author":1,"featured_media":0,"parent":0,"menu_order":0,"comment_status":"closed","ping_status":"open","template":"","meta":{"ngg_post_thumbnail":0,"footnotes":""},"class_list":["post-516","page","type-page","status-publish","hentry","nodate","item-wrap"],"_links":{"self":[{"href":"https:\/\/www.kematergartl.at\/index.php?rest_route=\/wp\/v2\/pages\/516","targetHints":{"allow":["GET"]}}],"collection":[{"href":"https:\/\/www.kematergartl.at\/index.php?rest_route=\/wp\/v2\/pages"}],"about":[{"href":"https:\/\/www.kematergartl.at\/index.php?rest_route=\/wp\/v2\/types\/page"}],"author":[{"embeddable":true,"href":"https:\/\/www.kematergartl.at\/index.php?rest_route=\/wp\/v2\/users\/1"}],"replies":[{"embeddable":true,"href":"https:\/\/www.kematergartl.at\/index.php?rest_route=%2Fwp%2Fv2%2Fcomments&post=516"}],"version-history":[{"count":10,"href":"https:\/\/www.kematergartl.at\/index.php?rest_route=\/wp\/v2\/pages\/516\/revisions"}],"predecessor-version":[{"id":530,"href":"https:\/\/www.kematergartl.at\/index.php?rest_route=\/wp\/v2\/pages\/516\/revisions\/530"}],"wp:attachment":[{"href":"https:\/\/www.kematergartl.at\/index.php?rest_route=%2Fwp%2Fv2%2Fmedia&parent=516"}],"curies":[{"name":"wp","href":"https:\/\/api.w.org\/{rel}","templated":true}]}}