{"id":52,"date":"2015-04-22T22:11:20","date_gmt":"2015-04-22T20:11:20","guid":{"rendered":"http:\/\/www.kematergartl.at\/?page_id=52"},"modified":"2025-10-06T11:42:07","modified_gmt":"2025-10-06T09:42:07","slug":"fotogalerie","status":"publish","type":"page","link":"https:\/\/www.kematergartl.at\/?page_id=52","title":{"rendered":"Fotogalerie"},"content":{"rendered":"<h2><span style=\"color: #56a110;\">Die sch\u00f6nsten Einblicke ins Kemater Gartl<\/span><\/h2>\n<p>Begeben Sie sich auf einen virtuellen Rundgang durch unsere bunte Gem\u00fcse- und Blumenoase. Und lassen Sie sich von den sch\u00f6nen Impressionen verzaubern \u2026<\/p>\n<p><a href=\"http:\/\/www.kematergartl.at\/wp-content\/uploads\/2021\/03\/2020-07-09-18-32-27-scaled.jpg\"><img loading=\"lazy\" decoding=\"async\" class=\"alignnone  wp-image-59641\" src=\"http:\/\/www.kematergartl.at\/wp-content\/uploads\/2021\/03\/2020-07-09-18-32-27-300x97.jpg\" alt=\"\" width=\"742\" height=\"240\" srcset=\"https:\/\/www.kematergartl.at\/wp-content\/uploads\/2021\/03\/2020-07-09-18-32-27-300x97.jpg 300w, https:\/\/www.kematergartl.at\/wp-content\/uploads\/2021\/03\/2020-07-09-18-32-27-1024x331.jpg 1024w, https:\/\/www.kematergartl.at\/wp-content\/uploads\/2021\/03\/2020-07-09-18-32-27-768x248.jpg 768w, https:\/\/www.kematergartl.at\/wp-content\/uploads\/2021\/03\/2020-07-09-18-32-27-1536x497.jpg 1536w, https:\/\/www.kematergartl.at\/wp-content\/uploads\/2021\/03\/2020-07-09-18-32-27-2048x663.jpg 2048w, https:\/\/www.kematergartl.at\/wp-content\/uploads\/2021\/03\/2020-07-09-18-32-27-750x243.jpg 750w\" sizes=\"auto, (max-width: 742px) 100vw, 742px\" \/><\/a><\/p>\n","protected":false},"excerpt":{"rendered":"<p>Die sch\u00f6nsten Einblicke ins Kemater Gartl Begeben Sie sich auf einen virtuellen Rundgang durch unsere bunte Gem\u00fcse- und Blumenoase. Und lassen Sie sich von den sch\u00f6nen Impressionen verzaubern \u2026<\/p>\n","protected":false},"author":1,"featured_media":346,"parent":0,"menu_order":0,"comment_status":"closed","ping_status":"open","template":"","meta":{"ngg_post_thumbnail":0,"footnotes":""},"class_list":["post-52","page","type-page","status-publish","has-post-thumbnail","hentry","nodate","item-wrap"],"_links":{"self":[{"href":"https:\/\/www.kematergartl.at\/index.php?rest_route=\/wp\/v2\/pages\/52","targetHints":{"allow":["GET"]}}],"collection":[{"href":"https:\/\/www.kematergartl.at\/index.php?rest_route=\/wp\/v2\/pages"}],"about":[{"href":"https:\/\/www.kematergartl.at\/index.php?rest_route=\/wp\/v2\/types\/page"}],"author":[{"embeddable":true,"href":"https:\/\/www.kematergartl.at\/index.php?rest_route=\/wp\/v2\/users\/1"}],"replies":[{"embeddable":true,"href":"https:\/\/www.kematergartl.at\/index.php?rest_route=%2Fwp%2Fv2%2Fcomments&post=52"}],"version-history":[{"count":5,"href":"https:\/\/www.kematergartl.at\/index.php?rest_route=\/wp\/v2\/pages\/52\/revisions"}],"predecessor-version":[{"id":59891,"href":"https:\/\/www.kematergartl.at\/index.php?rest_route=\/wp\/v2\/pages\/52\/revisions\/59891"}],"wp:featuredmedia":[{"embeddable":true,"href":"https:\/\/www.kematergartl.at\/index.php?rest_route=\/wp\/v2\/media\/346"}],"wp:attachment":[{"href":"https:\/\/www.kematergartl.at\/index.php?rest_route=%2Fwp%2Fv2%2Fmedia&parent=52"}],"curies":[{"name":"wp","href":"https:\/\/api.w.org\/{rel}","templated":true}]}}